


{"id":10548,"date":"2025-04-28T19:04:02","date_gmt":"2025-04-28T19:04:02","guid":{"rendered":"https:\/\/pilar.yeregui.online-valles-webs.com\/?page_id=10548"},"modified":"2025-04-29T17:10:50","modified_gmt":"2025-04-29T17:10:50","slug":"politica-de-cookies","status":"publish","type":"page","link":"https:\/\/pilar.yeregui.online-valles-webs.com\/eu\/politica-de-cookies\/","title":{"rendered":"Cookien politika"},"content":{"rendered":"<div data-elementor-type=\"wp-page\" data-elementor-id=\"10548\" class=\"elementor elementor-10548\" data-elementor-post-type=\"page\">\n\t\t\t\t<div class=\"elementor-element elementor-element-79a8d911 e-flex e-con-boxed e-con e-parent\" data-id=\"79a8d911\" data-element_type=\"container\">\n\t\t\t\t\t<div class=\"e-con-inner\">\n\t\t\t\t<div class=\"elementor-element elementor-element-bf72831 elementor-widget elementor-widget-heading\" data-id=\"bf72831\" data-element_type=\"widget\" data-widget_type=\"heading.default\">\n\t\t\t\t\t<h2 class=\"elementor-heading-title elementor-size-default\">Footer One<\/h2>\t\t\t\t<\/div>\n\t\t\t\t<div class=\"elementor-element elementor-element-551dd9ab elementor-widget elementor-widget-text-editor\" data-id=\"551dd9ab\" data-element_type=\"widget\" data-widget_type=\"text-editor.default\">\n\t\t\t\t\t\t\t\t\t<p><span style=\"color: #000000;\"><\/span><\/p>\n<p><span style=\"color: #000000;\"><em><em>Cookie politika hau azken aldiz 2024ko urtarrilaren 8an eguneratu zen eta Europako Esparru Ekonomikoko eta Suitzako herritarrei eta legezko egoiliar iraunkorrei aplikatzen zaie.<\/em><\/em><\/span><\/p>\n<p><span style=\"color: #000000;\"><\/span><\/p>\n<p><span style=\"color: #000000;\"><strong>1. Sarrera<\/strong><\/span><\/p>\n<p><span style=\"color: #000000;\"><\/span><\/p>\n<p><span style=\"color: #000000;\">Gure webgunea,\u00a0<a style=\"color: #000000;\" href=\"https:\/\/sublimia.online-valles-webs.com\/\"><strong>https:\/\/pilar.yeregui.online-valles-webs.com\/<\/strong><\/a>\u00a0(aurrerantzean: &quot;webgunea&quot;) cookieak eta erlazionatutako beste teknologia batzuk erabiltzen ditu (erosotasunerako, teknologia guztiei &quot;cookie&quot; deituko zaie). Cookieak kontratatu ditugun hirugarrenek ere jartzen dituzte. Hurrengo dokumentuan, gure webgunean cookien erabilerari buruzko informazioa ematen dizugu.<\/span><\/p>\n<p><span style=\"color: #000000;\"><\/span><\/p>\n<p><span style=\"color: #000000;\"><strong>2. Zer dira cookieak?<\/strong><\/span><\/p>\n<p><span style=\"color: #000000;\"><\/span><\/p>\n<p><span style=\"color: #000000;\">Cookie bat webgune honetako orrialdeekin batera bidaltzen den eta zure arakatzaileak zure ordenagailuaren edo beste gailu baten disko gogorrean gordetzen duen fitxategi txiki bat da. Gordetako informazioa gure zerbitzarietara edo hirugarrenen zerbitzari egokietara itzul daiteke hurrengo bisita batean.<\/span><\/p>\n<p><span style=\"color: #000000;\"><\/span><\/p>\n<p><span style=\"color: #000000;\"><strong>3. Zer dira gidoiak?<\/strong><\/span><\/p>\n<p><span style=\"color: #000000;\"><\/span><\/p>\n<p><span style=\"color: #000000;\">Script bat gure webgunea behar bezala eta modu interaktibo batean funtziona dezan erabiltzen den programa-kode zati bat da. Kode hau gure zerbitzarian edo zure gailuan exekutatzen da.<\/span><\/p>\n<p><span style=\"color: #000000;\"><\/span><\/p>\n<p><span style=\"color: #000000;\"><strong>4. Zer da web beacon bat?<\/strong><\/span><\/p>\n<p><span style=\"color: #000000;\"><\/span><\/p>\n<p><span style=\"color: #000000;\">Web beacon bat (edo pixel etiketa) webgune bateko testu edo irudi zati txiki eta ikusezin bat da, web trafikoa kontrolatzeko erabiltzen dena. Zure inguruko hainbat datu gordetzen dira web beacon hauek erabiliz.<\/span><\/p>\n<p><span style=\"color: #000000;\"><\/span><\/p>\n<p><span style=\"color: #000000;\"><strong>5. Cookieak<\/strong><\/span><\/p>\n<p><span style=\"color: #000000;\"><\/span><\/p>\n<p><span style=\"color: #000000;\"><strong>5.1 Cookie teknikoak edo funtzionalak<\/strong><\/span><\/p>\n<p><span style=\"color: #000000;\"><\/span><\/p>\n<p><span style=\"color: #000000;\">Cookie batzuek webgunearen zenbait atal behar bezala funtzionatzea eta zure erabiltzaile-lehentasunak gogoratzea bermatzen dute. Cookie funtzionalak jarriz, errazagoa egiten dizugu gure webgunea bisitatzea. Horrela, ez duzu informazio bera behin eta berriz sartu behar gure webgunea bisitatzen duzunean, eta, adibidez, elementuak zure erosketa-saskian geratzen dira ordainketa amaitu arte. Cookie hauek zure baimenik gabe jar ditzakegu.<\/span><\/p>\n<p><span style=\"color: #000000;\"><\/span><\/p>\n<p><span style=\"color: #000000;\"><strong>5.2 Marketin\/jarraipen cookieak<\/strong><\/span><\/p>\n<p><span style=\"color: #000000;\"><\/span><\/p>\n<p><span style=\"color: #000000;\">Marketin\/jarraipen cookieak cookieak edo beste edozein tokiko biltegiratze mota dira, erabiltzaile-profilak sortzeko erabiltzen direnak, publizitatea erakusteko edo erabiltzailea webgune honetan edo hainbat webgunetan antzeko marketin-helburuekin jarraitzeko.<\/span><\/p>\n<p><span style=\"color: #000000;\"><\/span><\/p>\n<p><span style=\"color: #000000;\"><strong>6. Erabilitako cookieak<\/strong><\/span><\/p>\n<p><span style=\"color: #000000;\"><\/span><\/p>\n<p><span style=\"color: #000000;\"><strong>Elementor<\/strong><\/span><\/p>\n<p><span style=\"color: #000000;\"><\/span><\/p>\n<p><span style=\"color: #000000;\">Estatistikak (anonimoak)<\/span><\/p>\n<p><span style=\"color: #000000;\"><\/span><\/p>\n<p><span style=\"color: #000000;\">Zerbitzu elementuari baimena ematea<\/span><\/p>\n<p><span style=\"color: #000000;\"><\/span><\/p>\n<p><span style=\"color: #000000;\"><strong>WordPress<\/strong><\/span><\/p>\n<p><span style=\"color: #000000;\"><\/span><\/p>\n<p><span style=\"color: #000000;\">Funtzionala<\/span><\/p>\n<p><span style=\"color: #000000;\"><\/span><\/p>\n<p><span style=\"color: #000000;\">WordPress zerbitzurako baimena<\/span><\/p>\n<p><span style=\"color: #000000;\"><\/span><\/p>\n<p><span style=\"color: #000000;\"><strong>Hainbat<\/strong><\/span><\/p>\n<p><span style=\"color: #000000;\"><\/span><\/p>\n<p><span style=\"color: #000000;\">Helburua ikerketaren zain<\/span><\/p>\n<p><span style=\"color: #000000;\"><\/span><\/p>\n<p><span style=\"color: #000000;\">Hainbat zerbitzutarako baimena<\/span><\/p>\n<p><span style=\"color: #000000;\"><\/span><\/p>\n<p><span style=\"color: #000000;\"><strong>7. Baimena<\/strong><\/span><\/p>\n<p><span style=\"color: #000000;\"><\/span><\/p>\n<p><span style=\"color: #000000;\">Gure webgunea lehen aldiz bisitatzen duzunean, cookieak azaltzen dituen leiho bat erakutsiko dizugu. &quot;Gorde lehentasunak&quot; sakatzen duzun bezain laster, leiho gainerakorrean hautatu dituzun cookie kategoriak eta pluginak erabiltzea onartzen duzu, cookie politika honetan azaltzen den bezala. Cookien erabilera desgaitu dezakezu zure arakatzailearen bidez, baina kontuan izan gure webguneak balitekeela behar bezala ez funtzionatzea.<\/span><\/p>\n<p><span style=\"color: #000000;\"><\/span><\/p>\n<p><span style=\"color: #000000;\"><strong>7.1 Kudeatu zure baimen-ezarpenak<\/strong><\/span><\/p>\n<p><span style=\"color: #000000;\"><\/span><\/p>\n<p><span style=\"color: #000000;\">Funtzionala<\/span><\/p>\n<p><span style=\"color: #000000;\"><\/span><\/p>\n<p><span style=\"color: #000000;\">Beti aktibo<\/span><\/p>\n<p><span style=\"color: #000000;\"><\/span><\/p>\n<p><span style=\"color: #000000;\">Marketina<\/span><\/p>\n<p><span style=\"color: #000000;\"><\/span><\/p>\n<p><span style=\"color: #000000;\">Marketina<\/span><\/p>\n<p><span style=\"color: #000000;\"><\/span><\/p>\n<p><span style=\"color: #000000;\"><strong>8. Cookien aktibazioa\/desaktibazioa eta ezabatzea<\/strong><\/span><\/p>\n<p><span style=\"color: #000000;\"><\/span><\/p>\n<p><span style=\"color: #000000;\">Zure interneteko arakatzailea erabil dezakezu cookieak automatikoki edo eskuz ezabatzeko. Cookie batzuk ezin direla jarri ere zehaztu dezakezu. Beste aukera bat zure interneteko arakatzailearen ezarpenak aldatzea da, cookie bat jartzen den bakoitzean mezu bat jasotzeko. Aukera hauei buruzko informazio gehiago lortzeko, kontsultatu zure arakatzailearen &quot;Laguntza&quot; ataleko argibideak.<\/span><\/p>\n<p><span style=\"color: #000000;\"><\/span><\/p>\n<p><span style=\"color: #000000;\">Kontuan izan gure webguneak balitekeela behar bezala ez funtzionatzea cookie guztiak desgaituta badaude. Zure arakatzailetik cookieak ezabatzen badituzu, berriro jarriko dira gure webgunea berriro bisitatzen duzunean baimena eman ondoren.<\/span><\/p>\n<p><span style=\"color: #000000;\"><\/span><\/p>\n<p><span style=\"color: #000000;\"><strong>9. Datu pertsonalei buruzko zure eskubideak<\/strong><\/span><\/p>\n<p><span style=\"color: #000000;\"><\/span><\/p>\n<p><span style=\"color: #000000;\">Zure datu pertsonalei dagokienez, eskubide hauek dituzu:<\/span><\/p>\n<p><span style=\"color: #000000;\"><\/span><\/p>\n<ul class=\"wp-block-list\">\n<li><span style=\"color: #000000;\">Zure datu pertsonalak zergatik behar diren, zer gertatuko den haiekin eta zenbat denbora gordeko diren jakiteko eskubidea duzu.<\/span><\/li>\n\n<li><span style=\"color: #000000;\">Sarbide eskubidea: Eskubidea duzu gure esku dauden zure datu pertsonaletara sartzeko.<\/span><\/li>\n\n<li><span style=\"color: #000000;\">Zuzenketa eskubidea: Zure datu pertsonalak nahi duzunean osatzeko, zuzentzeko, ezabatzeko edo blokeatzeko eskubidea duzu.<\/span><\/li>\n\n<li><span style=\"color: #000000;\">Zure datuak prozesatzeko baimena ematen badiguzu, zure datu pertsonalak ezabatu ondoren baimen hori ezeztatzeko eskubidea duzu.<\/span><\/li>\n\n<li><span style=\"color: #000000;\">Zure datuak transferitzeko eskubidea: eskubidea duzu zure datu pertsonal guztiak datuen arduradunari eskatzeko eta osorik beste datuen arduradun bati transferitzeko.<\/span><\/li>\n\n<li><span style=\"color: #000000;\">Aurka egiteko eskubidea: Zure datuen tratamenduaren aurka egin dezakezu. Hori betetzen dugu, tratamendurako arrazoi justifikatuak ez badaude behintzat.<\/span><\/li>\n<\/ul>\n<p><span style=\"color: #000000;\"><\/span><\/p>\n<p><span style=\"color: #000000;\">Eskubide hauek erabiltzeko, jarri gurekin harremanetan. Ikusi cookie politika honen behealdean dauden harremanetarako datuak. Zure datuak nola kudeatzen ditugun buruzko kexarik baduzu, eskertuko genizuke guri jakinaraztea, baina gainbegirale agintaritzari (datuak babesteko agintaritzari) kexa aurkezteko eskubidea ere baduzu.<\/span><\/p>\n<p><span style=\"color: #000000;\"><\/span><\/p>\n<p><span style=\"color: #000000;\"><strong>10. Harremanetarako datuak<\/strong><\/span><\/p>\n<p><span style=\"color: #000000;\"><\/span><\/p>\n<p><span style=\"color: #000000;\">Gure cookie politikari eta adierazpen honi buruzko galderarik edo iruzkinik baduzu, jar zaitez gurekin harremanetan honako harremanetarako datu hauek erabiliz:<\/span><\/p>\n<p><span style=\"color: #000000;\"><\/span><\/p>\n<ul class=\"wp-block-list\">\n<li><span style=\"color: #000000;\"><strong>Arrazoia:<\/strong> Mar\u00eda Pilar Yeregui Urmeneta<\/span><\/li>\n\n<li><span style=\"color: #000000;\"><strong>NAN\/Zerga identifikazioa\/Atzerriko identifikazioa:<\/strong> 29141902M<\/span><\/li>\n\n<li><span style=\"color: #000000;\"><strong>Izena:<\/strong> Mar\u00eda Pilar Yeregui Urmeneta<\/span><\/li>\n\n<li><span style=\"color: #000000;\"><strong>Telefonoa:<\/strong> 655312428<\/span><\/li>\n\n<li><span style=\"color: #000000;\"><strong>Helbide elektronikoa:<\/strong> <a style=\"color: #000000;\" href=\"mailto:1902m@marketboom.es\" target=\"_blank\" rel=\"noreferrer noopener\">1902m@marketboom.es<\/a><\/span><\/li>\n\n<li><span style=\"color: #000000;\">Arkuetabide,15, 31820-Etxarri Aranatz (Nafarroa)<\/span><\/li>\n<\/ul>\n<p><span style=\"color: #000000;\"><\/span><\/p>\n<p><span style=\"color: #000000;\">Cookie politika hau sinkronizatu da honekin:\u00a0<a style=\"color: #000000;\" href=\"https:\/\/cookiedatabase.org\/\">cookiedatabase.org<\/a>\u00a02024\/01\/08.<\/span><\/p>\n<p><span style=\"color: #000000;\"><\/span><\/p>\t\t\t\t\t\t\t\t<\/div>\n\t\t\t\t\t<\/div>\n\t\t\t\t<\/div>\n\t\t\t\t<\/div>","protected":false},"excerpt":{"rendered":"<p>Esta pol\u00edtica de cookies fue actualizada por \u00faltima vez el 08\/01\/2024 y se aplica a los ciudadanos y residentes legales&#8230;<\/p>","protected":false},"author":72,"featured_media":0,"parent":0,"menu_order":0,"comment_status":"closed","ping_status":"closed","template":"","meta":{"om_disable_all_campaigns":false,"footnotes":""},"class_list":["post-10548","page","type-page","status-publish","hentry"],"yoast_head":"<!-- This site is optimized with the Yoast SEO plugin v25.6 - https:\/\/yoast.com\/wordpress\/plugins\/seo\/ -->\n<title>Pol\u00edtica de Cookies - Simulaci\u00f3n Empresarial Sitio Oficial<\/title>\n<meta name=\"robots\" content=\"noindex, follow, max-snippet:-1, max-image-preview:large, max-video-preview:-1\" \/>\n<meta property=\"og:locale\" content=\"en_US\" \/>\n<meta property=\"og:type\" content=\"article\" \/>\n<meta property=\"og:title\" content=\"Pol\u00edtica de Cookies - Simulaci\u00f3n Empresarial Sitio Oficial\" \/>\n<meta property=\"og:description\" content=\"Esta pol\u00edtica de cookies fue actualizada por \u00faltima vez el 08\/01\/2024 y se aplica a los ciudadanos y residentes legales...\" \/>\n<meta property=\"og:url\" content=\"https:\/\/pilar.yeregui.online-valles-webs.com\/eu\/politica-de-cookies\/\" \/>\n<meta property=\"og:site_name\" content=\"Simulaci\u00f3n Empresarial Sitio Oficial\" \/>\n<meta property=\"article:modified_time\" content=\"2025-04-29T17:10:50+00:00\" \/>\n<meta name=\"twitter:card\" content=\"summary_large_image\" \/>\n<meta name=\"twitter:label1\" content=\"Est. reading time\" \/>\n\t<meta name=\"twitter:data1\" content=\"4 minutua\" \/>\n<script type=\"application\/ld+json\" class=\"yoast-schema-graph\">{\"@context\":\"https:\/\/schema.org\",\"@graph\":[{\"@type\":\"WebPage\",\"@id\":\"https:\/\/pilar.yeregui.online-valles-webs.com\/politica-de-cookies\/\",\"url\":\"https:\/\/pilar.yeregui.online-valles-webs.com\/politica-de-cookies\/\",\"name\":\"Pol\u00edtica de Cookies - Simulaci\u00f3n Empresarial Sitio Oficial\",\"isPartOf\":{\"@id\":\"https:\/\/pilar.yeregui.online-valles-webs.com\/#website\"},\"datePublished\":\"2025-04-28T19:04:02+00:00\",\"dateModified\":\"2025-04-29T17:10:50+00:00\",\"breadcrumb\":{\"@id\":\"https:\/\/pilar.yeregui.online-valles-webs.com\/politica-de-cookies\/#breadcrumb\"},\"inLanguage\":\"eu\",\"potentialAction\":[{\"@type\":\"ReadAction\",\"target\":[\"https:\/\/pilar.yeregui.online-valles-webs.com\/politica-de-cookies\/\"]}]},{\"@type\":\"BreadcrumbList\",\"@id\":\"https:\/\/pilar.yeregui.online-valles-webs.com\/politica-de-cookies\/#breadcrumb\",\"itemListElement\":[{\"@type\":\"ListItem\",\"position\":1,\"name\":\"Portada\",\"item\":\"https:\/\/pilar.yeregui.online-valles-webs.com\/\"},{\"@type\":\"ListItem\",\"position\":2,\"name\":\"Pol\u00edtica de Cookies\"}]},{\"@type\":\"WebSite\",\"@id\":\"https:\/\/pilar.yeregui.online-valles-webs.com\/#website\",\"url\":\"https:\/\/pilar.yeregui.online-valles-webs.com\/\",\"name\":\"Simulaci\u00f3n Empresarial \\\"RED Empresas Simuladas\\\"\",\"description\":\"Simulaci\u00f3n empresarial para el aprendizaje activo y pr\u00e1ctico\",\"publisher\":{\"@id\":\"https:\/\/pilar.yeregui.online-valles-webs.com\/#organization\"},\"potentialAction\":[{\"@type\":\"SearchAction\",\"target\":{\"@type\":\"EntryPoint\",\"urlTemplate\":\"https:\/\/pilar.yeregui.online-valles-webs.com\/?s={search_term_string}\"},\"query-input\":{\"@type\":\"PropertyValueSpecification\",\"valueRequired\":true,\"valueName\":\"search_term_string\"}}],\"inLanguage\":\"eu\"},{\"@type\":\"Organization\",\"@id\":\"https:\/\/pilar.yeregui.online-valles-webs.com\/#organization\",\"name\":\"Simulaci\u00f3n Empresarial Sitio Oficial \\\"RED Empresas Simuladas\\\"\",\"url\":\"https:\/\/pilar.yeregui.online-valles-webs.com\/\",\"logo\":{\"@type\":\"ImageObject\",\"inLanguage\":\"eu\",\"@id\":\"https:\/\/pilar.yeregui.online-valles-webs.com\/#\/schema\/logo\/image\/\",\"url\":\"https:\/\/pilar.yeregui.online-valles-webs.com\/wp-content\/uploads\/2023\/07\/LOGO-PILAR-e1729240841881.png\",\"contentUrl\":\"https:\/\/pilar.yeregui.online-valles-webs.com\/wp-content\/uploads\/2023\/07\/LOGO-PILAR-e1729240841881.png\",\"width\":200,\"height\":101,\"caption\":\"Simulaci\u00f3n Empresarial Sitio Oficial \\\"RED Empresas Simuladas\\\"\"},\"image\":{\"@id\":\"https:\/\/pilar.yeregui.online-valles-webs.com\/#\/schema\/logo\/image\/\"}}]}<\/script>\n<!-- \/ Yoast SEO plugin. -->","yoast_head_json":{"title":"Pol\u00edtica de Cookies - Simulaci\u00f3n Empresarial Sitio Oficial","robots":{"index":"noindex","follow":"follow","max-snippet":"max-snippet:-1","max-image-preview":"max-image-preview:large","max-video-preview":"max-video-preview:-1"},"og_locale":"en_US","og_type":"article","og_title":"Pol\u00edtica de Cookies - Simulaci\u00f3n Empresarial Sitio Oficial","og_description":"Esta pol\u00edtica de cookies fue actualizada por \u00faltima vez el 08\/01\/2024 y se aplica a los ciudadanos y residentes legales...","og_url":"https:\/\/pilar.yeregui.online-valles-webs.com\/eu\/politica-de-cookies\/","og_site_name":"Simulaci\u00f3n Empresarial Sitio Oficial","article_modified_time":"2025-04-29T17:10:50+00:00","twitter_card":"summary_large_image","twitter_misc":{"Est. reading time":"4 minutua"},"schema":{"@context":"https:\/\/schema.org","@graph":[{"@type":"WebPage","@id":"https:\/\/pilar.yeregui.online-valles-webs.com\/politica-de-cookies\/","url":"https:\/\/pilar.yeregui.online-valles-webs.com\/politica-de-cookies\/","name":"Pol\u00edtica de Cookies - Simulaci\u00f3n Empresarial Sitio Oficial","isPartOf":{"@id":"https:\/\/pilar.yeregui.online-valles-webs.com\/#website"},"datePublished":"2025-04-28T19:04:02+00:00","dateModified":"2025-04-29T17:10:50+00:00","breadcrumb":{"@id":"https:\/\/pilar.yeregui.online-valles-webs.com\/politica-de-cookies\/#breadcrumb"},"inLanguage":"eu","potentialAction":[{"@type":"ReadAction","target":["https:\/\/pilar.yeregui.online-valles-webs.com\/politica-de-cookies\/"]}]},{"@type":"BreadcrumbList","@id":"https:\/\/pilar.yeregui.online-valles-webs.com\/politica-de-cookies\/#breadcrumb","itemListElement":[{"@type":"ListItem","position":1,"name":"Portada","item":"https:\/\/pilar.yeregui.online-valles-webs.com\/"},{"@type":"ListItem","position":2,"name":"Pol\u00edtica de Cookies"}]},{"@type":"WebSite","@id":"https:\/\/pilar.yeregui.online-valles-webs.com\/#website","url":"https:\/\/pilar.yeregui.online-valles-webs.com\/","name":"Simulaci\u00f3n Empresarial \"RED Empresas Simuladas\"","description":"Simulaci\u00f3n empresarial para el aprendizaje activo y pr\u00e1ctico","publisher":{"@id":"https:\/\/pilar.yeregui.online-valles-webs.com\/#organization"},"potentialAction":[{"@type":"SearchAction","target":{"@type":"EntryPoint","urlTemplate":"https:\/\/pilar.yeregui.online-valles-webs.com\/?s={search_term_string}"},"query-input":{"@type":"PropertyValueSpecification","valueRequired":true,"valueName":"search_term_string"}}],"inLanguage":"eu"},{"@type":"Organization","@id":"https:\/\/pilar.yeregui.online-valles-webs.com\/#organization","name":"Simulaci\u00f3n Empresarial Sitio Oficial \"RED Empresas Simuladas\"","url":"https:\/\/pilar.yeregui.online-valles-webs.com\/","logo":{"@type":"ImageObject","inLanguage":"eu","@id":"https:\/\/pilar.yeregui.online-valles-webs.com\/#\/schema\/logo\/image\/","url":"https:\/\/pilar.yeregui.online-valles-webs.com\/wp-content\/uploads\/2023\/07\/LOGO-PILAR-e1729240841881.png","contentUrl":"https:\/\/pilar.yeregui.online-valles-webs.com\/wp-content\/uploads\/2023\/07\/LOGO-PILAR-e1729240841881.png","width":200,"height":101,"caption":"Simulaci\u00f3n Empresarial Sitio Oficial \"RED Empresas Simuladas\""},"image":{"@id":"https:\/\/pilar.yeregui.online-valles-webs.com\/#\/schema\/logo\/image\/"}}]}},"_links":{"self":[{"href":"https:\/\/pilar.yeregui.online-valles-webs.com\/eu\/wp-json\/wp\/v2\/pages\/10548","targetHints":{"allow":["GET"]}}],"collection":[{"href":"https:\/\/pilar.yeregui.online-valles-webs.com\/eu\/wp-json\/wp\/v2\/pages"}],"about":[{"href":"https:\/\/pilar.yeregui.online-valles-webs.com\/eu\/wp-json\/wp\/v2\/types\/page"}],"author":[{"embeddable":true,"href":"https:\/\/pilar.yeregui.online-valles-webs.com\/eu\/wp-json\/wp\/v2\/users\/72"}],"replies":[{"embeddable":true,"href":"https:\/\/pilar.yeregui.online-valles-webs.com\/eu\/wp-json\/wp\/v2\/comments?post=10548"}],"version-history":[{"count":0,"href":"https:\/\/pilar.yeregui.online-valles-webs.com\/eu\/wp-json\/wp\/v2\/pages\/10548\/revisions"}],"wp:attachment":[{"href":"https:\/\/pilar.yeregui.online-valles-webs.com\/eu\/wp-json\/wp\/v2\/media?parent=10548"}],"curies":[{"name":"wp","href":"https:\/\/api.w.org\/{rel}","templated":true}]}}