


{"id":10549,"date":"2025-04-28T19:05:45","date_gmt":"2025-04-28T19:05:45","guid":{"rendered":"https:\/\/pilar.yeregui.online-valles-webs.com\/?page_id=10549"},"modified":"2025-04-29T17:11:06","modified_gmt":"2025-04-29T17:11:06","slug":"politica-de-privacidad","status":"publish","type":"page","link":"https:\/\/pilar.yeregui.online-valles-webs.com\/en\/politica-de-privacidad\/","title":{"rendered":"Privacy Policy"},"content":{"rendered":"<div data-elementor-type=\"wp-page\" data-elementor-id=\"10549\" class=\"elementor elementor-10549\" data-elementor-post-type=\"page\">\n\t\t\t\t<div class=\"elementor-element elementor-element-a41329 e-flex e-con-boxed e-con e-parent\" data-id=\"a41329\" data-element_type=\"container\">\n\t\t\t\t\t<div class=\"e-con-inner\">\n\t\t\t\t<div class=\"elementor-element elementor-element-cede044 elementor-widget elementor-widget-heading\" data-id=\"cede044\" data-element_type=\"widget\" data-widget_type=\"heading.default\">\n\t\t\t\t\t<h2 class=\"elementor-heading-title elementor-size-default\">Footer One<\/h2>\t\t\t\t<\/div>\n\t\t\t\t<div class=\"elementor-element elementor-element-300b0755 elementor-widget elementor-widget-text-editor\" data-id=\"300b0755\" data-element_type=\"widget\" data-widget_type=\"text-editor.default\">\n\t\t\t\t\t\t\t\t\t<p><span style=\"color: #000000;\"><\/span><\/p>\n<p><span style=\"color: #000000;\"><strong>1.- USER INFORMATION<\/strong><\/span><\/p>\n<p><span style=\"color: #000000;\"><\/span><\/p>\n<p><span style=\"color: #000000;\">The website informs website users about its policy regarding the processing and protection of personal data of users and customers that may be requested by browsing through its website.<\/span><\/p>\n<p><span style=\"color: #000000;\"><\/span><\/p>\n<p><span style=\"color: #000000;\">The website is responsible for processing the user&#039;s personal data, and therefore provides the following information regarding the processing of their data:<\/span><\/p>\n<p><span style=\"color: #000000;\"><\/span><\/p>\n<p><span style=\"color: #000000;\"><strong>Data retention criteria:<\/strong>\u00a0The personal data provided will be kept until the interested party requests its suspension, exercising their rights over the data, and in any case in compliance with applicable legal limitation periods.<\/span><\/p>\n<p><span style=\"color: #000000;\"><\/span><\/p>\n<p><span style=\"color: #000000;\"><strong>Rights of interested parties:<\/strong><\/span><\/p>\n<p><span style=\"color: #000000;\"><\/span><\/p>\n<p><span style=\"color: #000000;\">Right to withdraw your consent at any time.<\/span><br \/><span style=\"color: #000000;\">Right of access, rectification, erasure, portability of your data, and the limitation or opposition to its processing, as well as not being subject to automated individual decisions.<\/span><\/p>\n<p><span style=\"color: #000000;\"><\/span><\/p>\n<p><span style=\"color: #000000;\"><strong>Contact information to exercise your rights:<\/strong><\/span><\/p>\n<p><span style=\"color: #000000;\"><\/span><\/p>\n<p><span style=\"color: #000000;\">You must properly identify yourself and clearly request the right to exercise.<\/span><\/p>\n<p><span style=\"color: #000000;\"><\/span><\/p>\n<ul class=\"wp-block-list\">\n<li><span style=\"color: #000000;\"><strong>Reason:<\/strong> Mar\u00eda Pilar Yeregui Urmeneta<\/span><\/li>\n\n<li><span style=\"color: #000000;\"><strong>ID\/Tax ID\/Foreigner ID:<\/strong> 29141902M<\/span><\/li>\n\n<li><span style=\"color: #000000;\"><strong>Name:<\/strong> Mar\u00eda Pilar Yeregui Urmeneta<\/span><\/li>\n\n<li><span style=\"color: #000000;\"><strong>Phone:<\/strong> 655312428<\/span><\/li>\n\n<li><span style=\"color: #000000;\"><strong>E-mail:<\/strong> <a style=\"color: #000000;\" href=\"mailto:1902m@marketboom.es\" target=\"_blank\" rel=\"noreferrer noopener\">1902m@marketboom.es<\/a><\/span><\/li>\n\n<li><span style=\"color: #000000;\">Arkuetabide,15, 31820-Etxarri Aranatz (Navarra)<\/span><\/li>\n<\/ul>\n<p><span style=\"color: #000000;\"><\/span><\/p>\n<p><span style=\"color: #000000;\"><strong>2.- INFORMATION PROVIDED BY THE USER<\/strong><\/span><\/p>\n<p><span style=\"color: #000000;\"><\/span><\/p>\n<p><span style=\"color: #000000;\">If you are under 18 years of age, you are not allowed to use forms on our website.<\/span><\/p>\n<p><span style=\"color: #000000;\"><\/span><\/p>\n<p><span style=\"color: #000000;\">Users, by entering their data in the contact forms or presented in download forms, expressly and freely and unequivocally accept that their data is necessary to attend to their request, by the Controller, the inclusion of data in the remaining fields being voluntary.<\/span><\/p>\n<p><span style=\"color: #000000;\"><\/span><\/p>\n<p><span style=\"color: #000000;\">The User guarantees that the personal data provided is truthful and is responsible for communicating any changes.<\/span><\/p>\n<p><span style=\"color: #000000;\"><\/span><\/p>\n<p><span style=\"color: #000000;\">All data requested through the website is necessary to provide optimal service to the User. If all the data is not provided, the information and services provided by the Data Controller cannot be guaranteed to be fully tailored to the User&#039;s needs.<\/span><\/p>\n<p><span style=\"color: #000000;\"><\/span><\/p>\n<p><span style=\"color: #000000;\"><strong>3. SECURITY MEASURES<\/strong><\/span><\/p>\n<p><span style=\"color: #000000;\"><\/span><\/p>\n<p><span style=\"color: #000000;\">That in accordance with the provisions of current regulations on the protection of personal data, the Controller is complying with all the provisions of the GDPR and LOPD regulations for the processing of personal data under its responsibility, which are processed lawfully, fairly and transparently in relation to the interested party and adequate, relevant and limited to what is necessary in relation to the purposes for which they are processed.<\/span><\/p>\n<p><span style=\"color: #000000;\"><\/span><\/p>\n<p><span style=\"color: #000000;\">The Data Controller guarantees that it has implemented appropriate technical and organizational policies to apply the security measures established by the GDPR and the LOPD to protect the rights and freedoms of Users and has communicated to them the appropriate information so that they can exercise them.<\/span><\/p>\n<p><span style=\"color: #000000;\"><\/span><\/p>\n<p><span style=\"color: #000000;\"><strong>4. SECURITY GAPS<\/strong><\/span><\/p>\n<p><span style=\"color: #000000;\"><\/span><\/p>\n<p><span style=\"color: #000000;\">The Data Controller will report any security breach affecting the database used by this website, or any of our third-party services, to all individuals, data that may have been affected, and authorities, within 72 hours of detecting the breach.<\/span><\/p>\n<p><span style=\"color: #000000;\"><\/span><\/p>\n<p><span style=\"color: #000000;\"><strong>APPLICABLE LAW AND JURISDICTION<\/strong><\/span><\/p>\n<p><span style=\"color: #000000;\"><\/span><\/p>\n<p><span style=\"color: #000000;\">For the resolution of all disputes or issues related to this website or the activities carried out, Spanish legislation will apply, to which the parties expressly submit, and the Courts and Tribunals of Barcelona will be competent to resolve all conflicts arising from or related to the use of this website.<\/span><\/p>\n<p><span style=\"color: #000000;\"><\/span><\/p>\t\t\t\t\t\t\t\t<\/div>\n\t\t\t\t\t<\/div>\n\t\t\t\t<\/div>\n\t\t\t\t<\/div>","protected":false},"excerpt":{"rendered":"<p>1.- INFORMACI\u00d3N AL USUARIO El sitio web informa a los usuarios del sitio web sobre su pol\u00edtica respecto al tratamiento&#8230;<\/p>","protected":false},"author":72,"featured_media":0,"parent":0,"menu_order":0,"comment_status":"closed","ping_status":"closed","template":"","meta":{"om_disable_all_campaigns":false,"footnotes":""},"class_list":["post-10549","page","type-page","status-publish","hentry"],"yoast_head":"<!-- This site is optimized with the Yoast SEO plugin v25.6 - https:\/\/yoast.com\/wordpress\/plugins\/seo\/ -->\n<title>Pol\u00edtica de Privacidad - Simulaci\u00f3n Empresarial Sitio Oficial<\/title>\n<meta name=\"robots\" content=\"noindex, follow, max-snippet:-1, max-image-preview:large, max-video-preview:-1\" \/>\n<meta property=\"og:locale\" content=\"en_GB\" \/>\n<meta property=\"og:type\" content=\"article\" \/>\n<meta property=\"og:title\" content=\"Pol\u00edtica de Privacidad - Simulaci\u00f3n Empresarial Sitio Oficial\" \/>\n<meta property=\"og:description\" content=\"1.- INFORMACI\u00d3N AL USUARIO El sitio web informa a los usuarios del sitio web sobre su pol\u00edtica respecto al tratamiento...\" \/>\n<meta property=\"og:url\" content=\"https:\/\/pilar.yeregui.online-valles-webs.com\/en\/politica-de-privacidad\/\" \/>\n<meta property=\"og:site_name\" content=\"Simulaci\u00f3n Empresarial Sitio Oficial\" \/>\n<meta property=\"article:modified_time\" content=\"2025-04-29T17:11:06+00:00\" \/>\n<meta name=\"twitter:card\" content=\"summary_large_image\" \/>\n<meta name=\"twitter:label1\" content=\"Estimated reading time\" \/>\n\t<meta name=\"twitter:data1\" content=\"3 minutes\" \/>\n<script type=\"application\/ld+json\" class=\"yoast-schema-graph\">{\"@context\":\"https:\/\/schema.org\",\"@graph\":[{\"@type\":\"WebPage\",\"@id\":\"https:\/\/pilar.yeregui.online-valles-webs.com\/politica-de-privacidad\/\",\"url\":\"https:\/\/pilar.yeregui.online-valles-webs.com\/politica-de-privacidad\/\",\"name\":\"Pol\u00edtica de Privacidad - Simulaci\u00f3n Empresarial Sitio Oficial\",\"isPartOf\":{\"@id\":\"https:\/\/pilar.yeregui.online-valles-webs.com\/#website\"},\"datePublished\":\"2025-04-28T19:05:45+00:00\",\"dateModified\":\"2025-04-29T17:11:06+00:00\",\"breadcrumb\":{\"@id\":\"https:\/\/pilar.yeregui.online-valles-webs.com\/politica-de-privacidad\/#breadcrumb\"},\"inLanguage\":\"en-GB\",\"potentialAction\":[{\"@type\":\"ReadAction\",\"target\":[\"https:\/\/pilar.yeregui.online-valles-webs.com\/politica-de-privacidad\/\"]}]},{\"@type\":\"BreadcrumbList\",\"@id\":\"https:\/\/pilar.yeregui.online-valles-webs.com\/politica-de-privacidad\/#breadcrumb\",\"itemListElement\":[{\"@type\":\"ListItem\",\"position\":1,\"name\":\"Portada\",\"item\":\"https:\/\/pilar.yeregui.online-valles-webs.com\/\"},{\"@type\":\"ListItem\",\"position\":2,\"name\":\"Pol\u00edtica de Privacidad\"}]},{\"@type\":\"WebSite\",\"@id\":\"https:\/\/pilar.yeregui.online-valles-webs.com\/#website\",\"url\":\"https:\/\/pilar.yeregui.online-valles-webs.com\/\",\"name\":\"Simulaci\u00f3n Empresarial \\\"RED Empresas Simuladas\\\"\",\"description\":\"Simulaci\u00f3n empresarial para el aprendizaje activo y pr\u00e1ctico\",\"publisher\":{\"@id\":\"https:\/\/pilar.yeregui.online-valles-webs.com\/#organization\"},\"potentialAction\":[{\"@type\":\"SearchAction\",\"target\":{\"@type\":\"EntryPoint\",\"urlTemplate\":\"https:\/\/pilar.yeregui.online-valles-webs.com\/?s={search_term_string}\"},\"query-input\":{\"@type\":\"PropertyValueSpecification\",\"valueRequired\":true,\"valueName\":\"search_term_string\"}}],\"inLanguage\":\"en-GB\"},{\"@type\":\"Organization\",\"@id\":\"https:\/\/pilar.yeregui.online-valles-webs.com\/#organization\",\"name\":\"Simulaci\u00f3n Empresarial Sitio Oficial \\\"RED Empresas Simuladas\\\"\",\"url\":\"https:\/\/pilar.yeregui.online-valles-webs.com\/\",\"logo\":{\"@type\":\"ImageObject\",\"inLanguage\":\"en-GB\",\"@id\":\"https:\/\/pilar.yeregui.online-valles-webs.com\/#\/schema\/logo\/image\/\",\"url\":\"https:\/\/pilar.yeregui.online-valles-webs.com\/wp-content\/uploads\/2023\/07\/LOGO-PILAR-e1729240841881.png\",\"contentUrl\":\"https:\/\/pilar.yeregui.online-valles-webs.com\/wp-content\/uploads\/2023\/07\/LOGO-PILAR-e1729240841881.png\",\"width\":200,\"height\":101,\"caption\":\"Simulaci\u00f3n Empresarial Sitio Oficial \\\"RED Empresas Simuladas\\\"\"},\"image\":{\"@id\":\"https:\/\/pilar.yeregui.online-valles-webs.com\/#\/schema\/logo\/image\/\"}}]}<\/script>\n<!-- \/ Yoast SEO plugin. -->","yoast_head_json":{"title":"Pol\u00edtica de Privacidad - Simulaci\u00f3n Empresarial Sitio Oficial","robots":{"index":"noindex","follow":"follow","max-snippet":"max-snippet:-1","max-image-preview":"max-image-preview:large","max-video-preview":"max-video-preview:-1"},"og_locale":"en_GB","og_type":"article","og_title":"Pol\u00edtica de Privacidad - Simulaci\u00f3n Empresarial Sitio Oficial","og_description":"1.- INFORMACI\u00d3N AL USUARIO El sitio web informa a los usuarios del sitio web sobre su pol\u00edtica respecto al tratamiento...","og_url":"https:\/\/pilar.yeregui.online-valles-webs.com\/en\/politica-de-privacidad\/","og_site_name":"Simulaci\u00f3n Empresarial Sitio Oficial","article_modified_time":"2025-04-29T17:11:06+00:00","twitter_card":"summary_large_image","twitter_misc":{"Estimated reading time":"3 minutes"},"schema":{"@context":"https:\/\/schema.org","@graph":[{"@type":"WebPage","@id":"https:\/\/pilar.yeregui.online-valles-webs.com\/politica-de-privacidad\/","url":"https:\/\/pilar.yeregui.online-valles-webs.com\/politica-de-privacidad\/","name":"Pol\u00edtica de Privacidad - Simulaci\u00f3n Empresarial Sitio Oficial","isPartOf":{"@id":"https:\/\/pilar.yeregui.online-valles-webs.com\/#website"},"datePublished":"2025-04-28T19:05:45+00:00","dateModified":"2025-04-29T17:11:06+00:00","breadcrumb":{"@id":"https:\/\/pilar.yeregui.online-valles-webs.com\/politica-de-privacidad\/#breadcrumb"},"inLanguage":"en-GB","potentialAction":[{"@type":"ReadAction","target":["https:\/\/pilar.yeregui.online-valles-webs.com\/politica-de-privacidad\/"]}]},{"@type":"BreadcrumbList","@id":"https:\/\/pilar.yeregui.online-valles-webs.com\/politica-de-privacidad\/#breadcrumb","itemListElement":[{"@type":"ListItem","position":1,"name":"Portada","item":"https:\/\/pilar.yeregui.online-valles-webs.com\/"},{"@type":"ListItem","position":2,"name":"Pol\u00edtica de Privacidad"}]},{"@type":"WebSite","@id":"https:\/\/pilar.yeregui.online-valles-webs.com\/#website","url":"https:\/\/pilar.yeregui.online-valles-webs.com\/","name":"Simulaci\u00f3n Empresarial \"RED Empresas Simuladas\"","description":"Simulaci\u00f3n empresarial para el aprendizaje activo y pr\u00e1ctico","publisher":{"@id":"https:\/\/pilar.yeregui.online-valles-webs.com\/#organization"},"potentialAction":[{"@type":"SearchAction","target":{"@type":"EntryPoint","urlTemplate":"https:\/\/pilar.yeregui.online-valles-webs.com\/?s={search_term_string}"},"query-input":{"@type":"PropertyValueSpecification","valueRequired":true,"valueName":"search_term_string"}}],"inLanguage":"en-GB"},{"@type":"Organization","@id":"https:\/\/pilar.yeregui.online-valles-webs.com\/#organization","name":"Simulaci\u00f3n Empresarial Sitio Oficial \"RED Empresas Simuladas\"","url":"https:\/\/pilar.yeregui.online-valles-webs.com\/","logo":{"@type":"ImageObject","inLanguage":"en-GB","@id":"https:\/\/pilar.yeregui.online-valles-webs.com\/#\/schema\/logo\/image\/","url":"https:\/\/pilar.yeregui.online-valles-webs.com\/wp-content\/uploads\/2023\/07\/LOGO-PILAR-e1729240841881.png","contentUrl":"https:\/\/pilar.yeregui.online-valles-webs.com\/wp-content\/uploads\/2023\/07\/LOGO-PILAR-e1729240841881.png","width":200,"height":101,"caption":"Simulaci\u00f3n Empresarial Sitio Oficial \"RED Empresas Simuladas\""},"image":{"@id":"https:\/\/pilar.yeregui.online-valles-webs.com\/#\/schema\/logo\/image\/"}}]}},"_links":{"self":[{"href":"https:\/\/pilar.yeregui.online-valles-webs.com\/en\/wp-json\/wp\/v2\/pages\/10549","targetHints":{"allow":["GET"]}}],"collection":[{"href":"https:\/\/pilar.yeregui.online-valles-webs.com\/en\/wp-json\/wp\/v2\/pages"}],"about":[{"href":"https:\/\/pilar.yeregui.online-valles-webs.com\/en\/wp-json\/wp\/v2\/types\/page"}],"author":[{"embeddable":true,"href":"https:\/\/pilar.yeregui.online-valles-webs.com\/en\/wp-json\/wp\/v2\/users\/72"}],"replies":[{"embeddable":true,"href":"https:\/\/pilar.yeregui.online-valles-webs.com\/en\/wp-json\/wp\/v2\/comments?post=10549"}],"version-history":[{"count":0,"href":"https:\/\/pilar.yeregui.online-valles-webs.com\/en\/wp-json\/wp\/v2\/pages\/10549\/revisions"}],"wp:attachment":[{"href":"https:\/\/pilar.yeregui.online-valles-webs.com\/en\/wp-json\/wp\/v2\/media?parent=10549"}],"curies":[{"name":"wp","href":"https:\/\/api.w.org\/{rel}","templated":true}]}}