


{"id":10549,"date":"2025-04-28T19:05:45","date_gmt":"2025-04-28T19:05:45","guid":{"rendered":"https:\/\/pilar.yeregui.online-valles-webs.com\/?page_id=10549"},"modified":"2025-04-29T17:11:06","modified_gmt":"2025-04-29T17:11:06","slug":"politica-de-privacidad","status":"publish","type":"page","link":"https:\/\/pilar.yeregui.online-valles-webs.com\/ca\/politica-de-privacidad\/","title":{"rendered":"Pol\u00edtica de Privadesa"},"content":{"rendered":"<div data-elementor-type=\"wp-page\" data-elementor-id=\"10549\" class=\"elementor elementor-10549\" data-elementor-post-type=\"page\">\n\t\t\t\t<div class=\"elementor-element elementor-element-a41329 e-flex e-con-boxed e-con e-parent\" data-id=\"a41329\" data-element_type=\"container\">\n\t\t\t\t\t<div class=\"e-con-inner\">\n\t\t\t\t<div class=\"elementor-element elementor-element-cede044 elementor-widget elementor-widget-heading\" data-id=\"cede044\" data-element_type=\"widget\" data-widget_type=\"heading.default\">\n\t\t\t\t\t<h2 class=\"elementor-heading-title elementor-size-default\">Footer One<\/h2>\t\t\t\t<\/div>\n\t\t\t\t<div class=\"elementor-element elementor-element-300b0755 elementor-widget elementor-widget-text-editor\" data-id=\"300b0755\" data-element_type=\"widget\" data-widget_type=\"text-editor.default\">\n\t\t\t\t\t\t\t\t\t<p><span style=\"color: #000000;\"><\/span><\/p>\n<p><span style=\"color: #000000;\"><strong>1.- INFORMACI\u00d3N AL USUARIO<\/strong><\/span><\/p>\n<p><span style=\"color: #000000;\"><\/span><\/p>\n<p><span style=\"color: #000000;\">El sitio web informa a los usuarios del sitio web sobre su pol\u00edtica respecto al tratamiento y protecci\u00f3n de los datos de car\u00e1cter personal de los usuarios y clientes que puedan ser solicitados por la navegaci\u00f3n a trav\u00e9s de su sitio web.<\/span><\/p>\n<p><span style=\"color: #000000;\"><\/span><\/p>\n<p><span style=\"color: #000000;\">El sitio web es el Responsable del tratamiento de los datos personales del usuario, por lo que se le facilita la siguiente informaci\u00f3n referente al tratamiento de sus datos:<\/span><\/p>\n<p><span style=\"color: #000000;\"><\/span><\/p>\n<p><span style=\"color: #000000;\"><strong>Criterios de conservaci\u00f3n de los datos:<\/strong>\u00a0Los datos personales proporcionados se conservar\u00e1n hasta que no se solicite la suspensi\u00f3n por parte del interesado, ejerciendo sus derechos sobre los datos, y en cualquier caso en cumplimiento de plazos legales de prescripci\u00f3n que le sean aplicables.<\/span><\/p>\n<p><span style=\"color: #000000;\"><\/span><\/p>\n<p><span style=\"color: #000000;\"><strong>Derechos de los interesados:<\/strong><\/span><\/p>\n<p><span style=\"color: #000000;\"><\/span><\/p>\n<p><span style=\"color: #000000;\">Derecho a retirar su consentimiento en cualquier momento.<\/span><br \/><span style=\"color: #000000;\">Derecho de acceso, rectificaci\u00f3n, supresi\u00f3n, portabilidad de sus datos, ya la limitaci\u00f3n u oposici\u00f3n de su tratamiento, as\u00ed como no ser objeto de decisiones individuales automatizadas.<\/span><\/p>\n<p><span style=\"color: #000000;\"><\/span><\/p>\n<p><span style=\"color: #000000;\"><strong>Datos de contacto para ejercer sus derechos:<\/strong><\/span><\/p>\n<p><span style=\"color: #000000;\"><\/span><\/p>\n<p><span style=\"color: #000000;\">Se debe identificar debidamente y solicitar claramente el derecho de ejercer.<\/span><\/p>\n<p><span style=\"color: #000000;\"><\/span><\/p>\n<ul class=\"wp-block-list\">\n<li><span style=\"color: #000000;\"><strong>Ra\u00f3:<\/strong> MARIA PILAR YEREGUI URMENETA<\/span><\/li>\n\n<li><span style=\"color: #000000;\"><strong>DNI\/NIF\/NIE:<\/strong> 29141902M<\/span><\/li>\n\n<li><span style=\"color: #000000;\"><strong>Nom:<\/strong> MARIA PILAR YEREGUI URMENETA<\/span><\/li>\n\n<li><span style=\"color: #000000;\"><strong>Tel\u00e8fon:<\/strong> 655312428<\/span><\/li>\n\n<li><span style=\"color: #000000;\"><strong>E-mail:<\/strong> <a style=\"color: #000000;\" href=\"mailto:1902m@marketboom.es\" target=\"_blank\" rel=\"noreferrer noopener\">1902m@marketboom.es<\/a><\/span><\/li>\n\n<li><span style=\"color: #000000;\">Arkuetabide,15, 31820-Etxarri Aranatz (Navarra)<\/span><\/li>\n<\/ul>\n<p><span style=\"color: #000000;\"><\/span><\/p>\n<p><span style=\"color: #000000;\"><strong>2.- INFORMACI\u00d3N FACILITADA POR EL USUARIO<\/strong><\/span><\/p>\n<p><span style=\"color: #000000;\"><\/span><\/p>\n<p><span style=\"color: #000000;\">Si es menor de 18 a\u00f1os, no est\u00e1 permitido el uso de formularios en nuestra web.<\/span><\/p>\n<p><span style=\"color: #000000;\"><\/span><\/p>\n<p><span style=\"color: #000000;\">Los Usuarios, introduciendo sus datos en los formularios de contacto o presentados en formularios de descarga, aceptan expresamente y de forma libre e inequ\u00edvoca, que sus datos son necesarios para atender su petici\u00f3n, por parte del Responsable, siendo voluntaria la inclusi\u00f3n de datos en los campos restantes.<\/span><\/p>\n<p><span style=\"color: #000000;\"><\/span><\/p>\n<p><span style=\"color: #000000;\">El Usuario garantiza que los datos personales facilitados son veraces y se hace responsable de comunicar cualquier modificaci\u00f3n.<\/span><\/p>\n<p><span style=\"color: #000000;\"><\/span><\/p>\n<p><span style=\"color: #000000;\">Todos los datos solicitados a trav\u00e9s del sitio web son necesarios para prestar un servicio \u00f3ptimo al Usuario. En caso de que no se faciliten todos los datos, no se garantiza que la informaci\u00f3n y servicios que El Responsable le facilite, sean completamente ajustados a sus necesidades.<\/span><\/p>\n<p><span style=\"color: #000000;\"><\/span><\/p>\n<p><span style=\"color: #000000;\"><strong>3.- MEDIDAS DE SEGURIDAD<\/strong><\/span><\/p>\n<p><span style=\"color: #000000;\"><\/span><\/p>\n<p><span style=\"color: #000000;\">Que de conformidad con lo que disponen las normativas vigentes en materia de protecci\u00f3n de datos personales, El Responsable est\u00e1 cumpliendo con todas las disposiciones de las normativas RGPD y LOPD para el tratamiento de los datos personales de su responsabilidad, las cuales son tratadas de forma l\u00edcita, leal y transparente en relaci\u00f3n con el interesado y adecuados, pertinentes y limitados a lo necesario en relaci\u00f3n con los fines para los que son tratados.<\/span><\/p>\n<p><span style=\"color: #000000;\"><\/span><\/p>\n<p><span style=\"color: #000000;\">El Responsable garantiza que ha implementado pol\u00edticas t\u00e9cnicas y organizativas apropiadas para aplicar las medidas de seguridad establecidas por el RGPD y la LOPD para proteger los derechos y libertades de los Usuarios y les ha comunicado la informaci\u00f3n adecuada para que puedan ejercerlos.<\/span><\/p>\n<p><span style=\"color: #000000;\"><\/span><\/p>\n<p><span style=\"color: #000000;\"><strong>4.- BRECHAS DE SEGURIDAD<\/strong><\/span><\/p>\n<p><span style=\"color: #000000;\"><\/span><\/p>\n<p><span style=\"color: #000000;\">El Responsable informar\u00e1 sobre cualquier brecha de seguridad que afecte a la base de datos que utiliza este sitio web, o que afecte a cualquiera de nuestros servicios de terceros, todas y cada una de las personas, datos de los que puedan haber sido afectados, y autoridades, dentro de las 72 horas siguientes a la detecci\u00f3n de la brecha.<\/span><\/p>\n<p><span style=\"color: #000000;\"><\/span><\/p>\n<p><span style=\"color: #000000;\"><strong>LEGISLACI\u00d3N APLICABLE Y JURISDICCI\u00d3N<\/strong><\/span><\/p>\n<p><span style=\"color: #000000;\"><\/span><\/p>\n<p><span style=\"color: #000000;\">Para la resoluci\u00f3n de todas las controversias o cuestiones relacionadas con el presente sitio web o de las actividades que se desarrollen, ser\u00e1 de aplicaci\u00f3n la legislaci\u00f3n espa\u00f1ola, a la que se someten expresamente las partes, siendo competentes para la resoluci\u00f3n de todos los conflictos derivados o relacionados con el uso de los Juzgados y Tribunales de Barcelona.<\/span><\/p>\n<p><span style=\"color: #000000;\"><\/span><\/p>\t\t\t\t\t\t\t\t<\/div>\n\t\t\t\t\t<\/div>\n\t\t\t\t<\/div>\n\t\t\t\t<\/div>","protected":false},"excerpt":{"rendered":"<p>1.- INFORMACI\u00d3N AL USUARIO El sitio web informa a los usuarios del sitio web sobre su pol\u00edtica respecto al tratamiento&#8230;<\/p>","protected":false},"author":72,"featured_media":0,"parent":0,"menu_order":0,"comment_status":"closed","ping_status":"closed","template":"","meta":{"om_disable_all_campaigns":false,"footnotes":""},"class_list":["post-10549","page","type-page","status-publish","hentry"],"yoast_head":"<!-- This site is optimized with the Yoast SEO plugin v25.6 - https:\/\/yoast.com\/wordpress\/plugins\/seo\/ -->\n<title>Pol\u00edtica de Privacidad - Simulaci\u00f3n Empresarial Sitio Oficial<\/title>\n<meta name=\"robots\" content=\"noindex, follow, max-snippet:-1, max-image-preview:large, max-video-preview:-1\" \/>\n<meta property=\"og:locale\" content=\"ca_ES\" \/>\n<meta property=\"og:type\" content=\"article\" \/>\n<meta property=\"og:title\" content=\"Pol\u00edtica de Privacidad - Simulaci\u00f3n Empresarial Sitio Oficial\" \/>\n<meta property=\"og:description\" content=\"1.- INFORMACI\u00d3N AL USUARIO El sitio web informa a los usuarios del sitio web sobre su pol\u00edtica respecto al tratamiento...\" \/>\n<meta property=\"og:url\" content=\"https:\/\/pilar.yeregui.online-valles-webs.com\/ca\/politica-de-privacidad\/\" \/>\n<meta property=\"og:site_name\" content=\"Simulaci\u00f3n Empresarial Sitio Oficial\" \/>\n<meta property=\"article:modified_time\" content=\"2025-04-29T17:11:06+00:00\" \/>\n<meta name=\"twitter:card\" content=\"summary_large_image\" \/>\n<meta name=\"twitter:label1\" content=\"Temps estimat de lectura\" \/>\n\t<meta name=\"twitter:data1\" content=\"3 minuts\" \/>\n<script type=\"application\/ld+json\" class=\"yoast-schema-graph\">{\"@context\":\"https:\/\/schema.org\",\"@graph\":[{\"@type\":\"WebPage\",\"@id\":\"https:\/\/pilar.yeregui.online-valles-webs.com\/politica-de-privacidad\/\",\"url\":\"https:\/\/pilar.yeregui.online-valles-webs.com\/politica-de-privacidad\/\",\"name\":\"Pol\u00edtica de Privacidad - Simulaci\u00f3n Empresarial Sitio Oficial\",\"isPartOf\":{\"@id\":\"https:\/\/pilar.yeregui.online-valles-webs.com\/#website\"},\"datePublished\":\"2025-04-28T19:05:45+00:00\",\"dateModified\":\"2025-04-29T17:11:06+00:00\",\"breadcrumb\":{\"@id\":\"https:\/\/pilar.yeregui.online-valles-webs.com\/politica-de-privacidad\/#breadcrumb\"},\"inLanguage\":\"ca\",\"potentialAction\":[{\"@type\":\"ReadAction\",\"target\":[\"https:\/\/pilar.yeregui.online-valles-webs.com\/politica-de-privacidad\/\"]}]},{\"@type\":\"BreadcrumbList\",\"@id\":\"https:\/\/pilar.yeregui.online-valles-webs.com\/politica-de-privacidad\/#breadcrumb\",\"itemListElement\":[{\"@type\":\"ListItem\",\"position\":1,\"name\":\"Portada\",\"item\":\"https:\/\/pilar.yeregui.online-valles-webs.com\/\"},{\"@type\":\"ListItem\",\"position\":2,\"name\":\"Pol\u00edtica de Privacidad\"}]},{\"@type\":\"WebSite\",\"@id\":\"https:\/\/pilar.yeregui.online-valles-webs.com\/#website\",\"url\":\"https:\/\/pilar.yeregui.online-valles-webs.com\/\",\"name\":\"Simulaci\u00f3n Empresarial \\\"RED Empresas Simuladas\\\"\",\"description\":\"Simulaci\u00f3n empresarial para el aprendizaje activo y pr\u00e1ctico\",\"publisher\":{\"@id\":\"https:\/\/pilar.yeregui.online-valles-webs.com\/#organization\"},\"potentialAction\":[{\"@type\":\"SearchAction\",\"target\":{\"@type\":\"EntryPoint\",\"urlTemplate\":\"https:\/\/pilar.yeregui.online-valles-webs.com\/?s={search_term_string}\"},\"query-input\":{\"@type\":\"PropertyValueSpecification\",\"valueRequired\":true,\"valueName\":\"search_term_string\"}}],\"inLanguage\":\"ca\"},{\"@type\":\"Organization\",\"@id\":\"https:\/\/pilar.yeregui.online-valles-webs.com\/#organization\",\"name\":\"Simulaci\u00f3n Empresarial Sitio Oficial \\\"RED Empresas Simuladas\\\"\",\"url\":\"https:\/\/pilar.yeregui.online-valles-webs.com\/\",\"logo\":{\"@type\":\"ImageObject\",\"inLanguage\":\"ca\",\"@id\":\"https:\/\/pilar.yeregui.online-valles-webs.com\/#\/schema\/logo\/image\/\",\"url\":\"https:\/\/pilar.yeregui.online-valles-webs.com\/wp-content\/uploads\/2023\/07\/LOGO-PILAR-e1729240841881.png\",\"contentUrl\":\"https:\/\/pilar.yeregui.online-valles-webs.com\/wp-content\/uploads\/2023\/07\/LOGO-PILAR-e1729240841881.png\",\"width\":200,\"height\":101,\"caption\":\"Simulaci\u00f3n Empresarial Sitio Oficial \\\"RED Empresas Simuladas\\\"\"},\"image\":{\"@id\":\"https:\/\/pilar.yeregui.online-valles-webs.com\/#\/schema\/logo\/image\/\"}}]}<\/script>\n<!-- \/ Yoast SEO plugin. -->","yoast_head_json":{"title":"Pol\u00edtica de Privacidad - Simulaci\u00f3n Empresarial Sitio Oficial","robots":{"index":"noindex","follow":"follow","max-snippet":"max-snippet:-1","max-image-preview":"max-image-preview:large","max-video-preview":"max-video-preview:-1"},"og_locale":"ca_ES","og_type":"article","og_title":"Pol\u00edtica de Privacidad - Simulaci\u00f3n Empresarial Sitio Oficial","og_description":"1.- INFORMACI\u00d3N AL USUARIO El sitio web informa a los usuarios del sitio web sobre su pol\u00edtica respecto al tratamiento...","og_url":"https:\/\/pilar.yeregui.online-valles-webs.com\/ca\/politica-de-privacidad\/","og_site_name":"Simulaci\u00f3n Empresarial Sitio Oficial","article_modified_time":"2025-04-29T17:11:06+00:00","twitter_card":"summary_large_image","twitter_misc":{"Temps estimat de lectura":"3 minuts"},"schema":{"@context":"https:\/\/schema.org","@graph":[{"@type":"WebPage","@id":"https:\/\/pilar.yeregui.online-valles-webs.com\/politica-de-privacidad\/","url":"https:\/\/pilar.yeregui.online-valles-webs.com\/politica-de-privacidad\/","name":"Pol\u00edtica de Privacidad - Simulaci\u00f3n Empresarial Sitio Oficial","isPartOf":{"@id":"https:\/\/pilar.yeregui.online-valles-webs.com\/#website"},"datePublished":"2025-04-28T19:05:45+00:00","dateModified":"2025-04-29T17:11:06+00:00","breadcrumb":{"@id":"https:\/\/pilar.yeregui.online-valles-webs.com\/politica-de-privacidad\/#breadcrumb"},"inLanguage":"ca","potentialAction":[{"@type":"ReadAction","target":["https:\/\/pilar.yeregui.online-valles-webs.com\/politica-de-privacidad\/"]}]},{"@type":"BreadcrumbList","@id":"https:\/\/pilar.yeregui.online-valles-webs.com\/politica-de-privacidad\/#breadcrumb","itemListElement":[{"@type":"ListItem","position":1,"name":"Portada","item":"https:\/\/pilar.yeregui.online-valles-webs.com\/"},{"@type":"ListItem","position":2,"name":"Pol\u00edtica de Privacidad"}]},{"@type":"WebSite","@id":"https:\/\/pilar.yeregui.online-valles-webs.com\/#website","url":"https:\/\/pilar.yeregui.online-valles-webs.com\/","name":"Simulaci\u00f3n Empresarial \"RED Empresas Simuladas\"","description":"Simulaci\u00f3n empresarial para el aprendizaje activo y pr\u00e1ctico","publisher":{"@id":"https:\/\/pilar.yeregui.online-valles-webs.com\/#organization"},"potentialAction":[{"@type":"SearchAction","target":{"@type":"EntryPoint","urlTemplate":"https:\/\/pilar.yeregui.online-valles-webs.com\/?s={search_term_string}"},"query-input":{"@type":"PropertyValueSpecification","valueRequired":true,"valueName":"search_term_string"}}],"inLanguage":"ca"},{"@type":"Organization","@id":"https:\/\/pilar.yeregui.online-valles-webs.com\/#organization","name":"Simulaci\u00f3n Empresarial Sitio Oficial \"RED Empresas Simuladas\"","url":"https:\/\/pilar.yeregui.online-valles-webs.com\/","logo":{"@type":"ImageObject","inLanguage":"ca","@id":"https:\/\/pilar.yeregui.online-valles-webs.com\/#\/schema\/logo\/image\/","url":"https:\/\/pilar.yeregui.online-valles-webs.com\/wp-content\/uploads\/2023\/07\/LOGO-PILAR-e1729240841881.png","contentUrl":"https:\/\/pilar.yeregui.online-valles-webs.com\/wp-content\/uploads\/2023\/07\/LOGO-PILAR-e1729240841881.png","width":200,"height":101,"caption":"Simulaci\u00f3n Empresarial Sitio Oficial \"RED Empresas Simuladas\""},"image":{"@id":"https:\/\/pilar.yeregui.online-valles-webs.com\/#\/schema\/logo\/image\/"}}]}},"_links":{"self":[{"href":"https:\/\/pilar.yeregui.online-valles-webs.com\/ca\/wp-json\/wp\/v2\/pages\/10549","targetHints":{"allow":["GET"]}}],"collection":[{"href":"https:\/\/pilar.yeregui.online-valles-webs.com\/ca\/wp-json\/wp\/v2\/pages"}],"about":[{"href":"https:\/\/pilar.yeregui.online-valles-webs.com\/ca\/wp-json\/wp\/v2\/types\/page"}],"author":[{"embeddable":true,"href":"https:\/\/pilar.yeregui.online-valles-webs.com\/ca\/wp-json\/wp\/v2\/users\/72"}],"replies":[{"embeddable":true,"href":"https:\/\/pilar.yeregui.online-valles-webs.com\/ca\/wp-json\/wp\/v2\/comments?post=10549"}],"version-history":[{"count":0,"href":"https:\/\/pilar.yeregui.online-valles-webs.com\/ca\/wp-json\/wp\/v2\/pages\/10549\/revisions"}],"wp:attachment":[{"href":"https:\/\/pilar.yeregui.online-valles-webs.com\/ca\/wp-json\/wp\/v2\/media?parent=10549"}],"curies":[{"name":"wp","href":"https:\/\/api.w.org\/{rel}","templated":true}]}}