


{"id":10548,"date":"2025-04-28T19:04:02","date_gmt":"2025-04-28T19:04:02","guid":{"rendered":"https:\/\/pilar.yeregui.online-valles-webs.com\/?page_id=10548"},"modified":"2025-04-29T17:10:50","modified_gmt":"2025-04-29T17:10:50","slug":"politica-de-cookies","status":"publish","type":"page","link":"https:\/\/pilar.yeregui.online-valles-webs.com\/ca\/politica-de-cookies\/","title":{"rendered":"Pol\u00edtica de Cookies"},"content":{"rendered":"<div data-elementor-type=\"wp-page\" data-elementor-id=\"10548\" class=\"elementor elementor-10548\" data-elementor-post-type=\"page\">\n\t\t\t\t<div class=\"elementor-element elementor-element-79a8d911 e-flex e-con-boxed e-con e-parent\" data-id=\"79a8d911\" data-element_type=\"container\">\n\t\t\t\t\t<div class=\"e-con-inner\">\n\t\t\t\t<div class=\"elementor-element elementor-element-bf72831 elementor-widget elementor-widget-heading\" data-id=\"bf72831\" data-element_type=\"widget\" data-widget_type=\"heading.default\">\n\t\t\t\t\t<h2 class=\"elementor-heading-title elementor-size-default\">Footer One<\/h2>\t\t\t\t<\/div>\n\t\t\t\t<div class=\"elementor-element elementor-element-551dd9ab elementor-widget elementor-widget-text-editor\" data-id=\"551dd9ab\" data-element_type=\"widget\" data-widget_type=\"text-editor.default\">\n\t\t\t\t\t\t\t\t\t<p><span style=\"color: #000000;\"><\/span><\/p>\n<p><span style=\"color: #000000;\"><em><em>Esta pol\u00edtica de cookies fue actualizada por \u00faltima vez el 08\/01\/2024 y se aplica a los ciudadanos y residentes legales permanentes del Espacio Econ\u00f3mico Europeo y Suiza.<\/em><\/em><\/span><\/p>\n<p><span style=\"color: #000000;\"><\/span><\/p>\n<p><span style=\"color: #000000;\"><strong>1. Introducci\u00f3n<\/strong><\/span><\/p>\n<p><span style=\"color: #000000;\"><\/span><\/p>\n<p><span style=\"color: #000000;\">Nuestra web,\u00a0<a style=\"color: #000000;\" href=\"https:\/\/sublimia.online-valles-webs.com\/\"><strong>https:\/\/pilar.yeregui.online-valles-webs.com\/<\/strong><\/a>\u00a0(en adelante: \u00abla web\u00bb) utiliza cookies y otras tecnolog\u00edas relacionadas (para mayor comodidad, todas las tecnolog\u00edas se denominan \u00abcookies\u00bb). Las cookies tambi\u00e9n son colocadas por terceros a los que hemos contratado. En el siguiente documento te informamos sobre el uso de cookies en nuestra web.<\/span><\/p>\n<p><span style=\"color: #000000;\"><\/span><\/p>\n<p><span style=\"color: #000000;\"><strong>2. \u00bfQu\u00e9 son las cookies?<\/strong><\/span><\/p>\n<p><span style=\"color: #000000;\"><\/span><\/p>\n<p><span style=\"color: #000000;\">Una cookie es un peque\u00f1o archivo que se env\u00eda junto con las p\u00e1ginas de esta web y que tu navegador almacena en el disco duro de su ordenador u otro dispositivo. La informaci\u00f3n almacenada puede ser devuelta a nuestros servidores o a los servidores de terceros apropiados durante una visita posterior.<\/span><\/p>\n<p><span style=\"color: #000000;\"><\/span><\/p>\n<p><span style=\"color: #000000;\"><strong>3. \u00bfQu\u00e9 son los scripts?<\/strong><\/span><\/p>\n<p><span style=\"color: #000000;\"><\/span><\/p>\n<p><span style=\"color: #000000;\">Un script es un fragmento de c\u00f3digo de programa que se utiliza para hacer que nuestra web funcione correctamente y de forma interactiva. Este c\u00f3digo se ejecuta en nuestro servidor o en tu dispositivo.<\/span><\/p>\n<p><span style=\"color: #000000;\"><\/span><\/p>\n<p><span style=\"color: #000000;\"><strong>4. \u00bfQu\u00e9 es una baliza web?<\/strong><\/span><\/p>\n<p><span style=\"color: #000000;\"><\/span><\/p>\n<p><span style=\"color: #000000;\">Una baliza web (o una etiqueta de p\u00edxel) es una peque\u00f1a e invisible pieza de texto o imagen en una web que se utiliza para monitorear el tr\u00e1fico en una web. Para ello, se almacenan varios datos sobre usted mediante estas balizas web.<\/span><\/p>\n<p><span style=\"color: #000000;\"><\/span><\/p>\n<p><span style=\"color: #000000;\"><strong>5. Cookies<\/strong><\/span><\/p>\n<p><span style=\"color: #000000;\"><\/span><\/p>\n<p><span style=\"color: #000000;\"><strong>5.1 Cookies t\u00e9cnicas o funcionales<\/strong><\/span><\/p>\n<p><span style=\"color: #000000;\"><\/span><\/p>\n<p><span style=\"color: #000000;\">Algunas cookies aseguran que ciertas partes de la web funcionen correctamente y que tus preferencias de usuario sigan record\u00e1ndose. Al colocar cookies funcionales, te facilitamos la visita a nuestra web. De esta manera, no necesitas introducir repetidamente la misma informaci\u00f3n cuando visitas nuestra web y, por ejemplo, los art\u00edculos permanecen en tu cesta de la compra hasta que hayas pagado. Podemos colocar estas cookies sin tu consentimiento.<\/span><\/p>\n<p><span style=\"color: #000000;\"><\/span><\/p>\n<p><span style=\"color: #000000;\"><strong>5.2 Cookies de marketing\/seguimiento<\/strong><\/span><\/p>\n<p><span style=\"color: #000000;\"><\/span><\/p>\n<p><span style=\"color: #000000;\">Las cookies de marketing\/seguimiento son cookies, o cualquier otra forma de almacenamiento local, usadas para crear perfiles de usuario para mostrar publicidad o para hacer el seguimiento del usuario en esta web o en varias webs con fines de marketing similares.<\/span><\/p>\n<p><span style=\"color: #000000;\"><\/span><\/p>\n<p><span style=\"color: #000000;\"><strong>6. Cookies usadas<\/strong><\/span><\/p>\n<p><span style=\"color: #000000;\"><\/span><\/p>\n<p><span style=\"color: #000000;\"><strong>Elementor<\/strong><\/span><\/p>\n<p><span style=\"color: #000000;\"><\/span><\/p>\n<p><span style=\"color: #000000;\">Estad\u00edsticas (an\u00f3nimas)<\/span><\/p>\n<p><span style=\"color: #000000;\"><\/span><\/p>\n<p><span style=\"color: #000000;\">Consent to service elementor<\/span><\/p>\n<p><span style=\"color: #000000;\"><\/span><\/p>\n<p><span style=\"color: #000000;\"><strong>WordPress<\/strong><\/span><\/p>\n<p><span style=\"color: #000000;\"><\/span><\/p>\n<p><span style=\"color: #000000;\">Funcional<\/span><\/p>\n<p><span style=\"color: #000000;\"><\/span><\/p>\n<p><span style=\"color: #000000;\">Consent to service wordpress<\/span><\/p>\n<p><span style=\"color: #000000;\"><\/span><\/p>\n<p><span style=\"color: #000000;\"><strong>Varios<\/strong><\/span><\/p>\n<p><span style=\"color: #000000;\"><\/span><\/p>\n<p><span style=\"color: #000000;\">Prop\u00f3sito pendiente de investigaci\u00f3n<\/span><\/p>\n<p><span style=\"color: #000000;\"><\/span><\/p>\n<p><span style=\"color: #000000;\">Consent to service varios<\/span><\/p>\n<p><span style=\"color: #000000;\"><\/span><\/p>\n<p><span style=\"color: #000000;\"><strong>7. Consentimiento<\/strong><\/span><\/p>\n<p><span style=\"color: #000000;\"><\/span><\/p>\n<p><span style=\"color: #000000;\">Cuando visites nuestra web por primera vez, te mostraremos una ventana emergente con una explicaci\u00f3n sobre las cookies. Tan pronto como hagas clic en \u00abGuardar preferencias\u00bb, aceptas que usemos las categor\u00edas de cookies y plugins que has seleccionado en la ventana emergente, tal y como se describe en esta pol\u00edtica de cookies. Puedes desactivar el uso de cookies a trav\u00e9s de tu navegador, pero, por favor, ten en cuenta que nuestra web puede dejar de funcionar correctamente.<\/span><\/p>\n<p><span style=\"color: #000000;\"><\/span><\/p>\n<p><span style=\"color: #000000;\"><strong>7.1 Gestiona tus ajustes de consentimiento<\/strong><\/span><\/p>\n<p><span style=\"color: #000000;\"><\/span><\/p>\n<p><span style=\"color: #000000;\">Funcional<\/span><\/p>\n<p><span style=\"color: #000000;\"><\/span><\/p>\n<p><span style=\"color: #000000;\">Siempre activo<\/span><\/p>\n<p><span style=\"color: #000000;\"><\/span><\/p>\n<p><span style=\"color: #000000;\">Marketing<\/span><\/p>\n<p><span style=\"color: #000000;\"><\/span><\/p>\n<p><span style=\"color: #000000;\">Marketing<\/span><\/p>\n<p><span style=\"color: #000000;\"><\/span><\/p>\n<p><span style=\"color: #000000;\"><strong>8. Activaci\u00f3n\/desactivaci\u00f3n y borrado de cookies<\/strong><\/span><\/p>\n<p><span style=\"color: #000000;\"><\/span><\/p>\n<p><span style=\"color: #000000;\">Puedes utilizar tu navegador de Internet para eliminar las cookies de forma autom\u00e1tica o manual. Tambi\u00e9n puedes especificar que ciertas cookies no pueden ser colocadas. Otra opci\u00f3n es cambiar los ajustes de tu navegador de Internet para que recibas un mensaje cada vez que se coloca una cookie. Para obtener m\u00e1s informaci\u00f3n sobre estas opciones, consulta las instrucciones de la secci\u00f3n \u00abAyuda\u00bb de tu navegador.<\/span><\/p>\n<p><span style=\"color: #000000;\"><\/span><\/p>\n<p><span style=\"color: #000000;\">Ten en cuenta que nuestra web puede no funcionar correctamente si todas las cookies est\u00e1n desactivadas. Si borras las cookies de tu navegador, se volver\u00e1n a colocar despu\u00e9s de tu consentimiento cuando vuelvas a visitar nuestras webs.<\/span><\/p>\n<p><span style=\"color: #000000;\"><\/span><\/p>\n<p><span style=\"color: #000000;\"><strong>9. Tus derechos con respecto a los datos personales<\/strong><\/span><\/p>\n<p><span style=\"color: #000000;\"><\/span><\/p>\n<p><span style=\"color: #000000;\">Tienes los siguientes derechos con respecto a tus datos personales:<\/span><\/p>\n<p><span style=\"color: #000000;\"><\/span><\/p>\n<ul class=\"wp-block-list\">\n<li><span style=\"color: #000000;\">Tiene derecho a saber por qu\u00e9 se necesitan tus datos personales, qu\u00e9 suceder\u00e1 con ellos y durante cu\u00e1nto tiempo se conservar\u00e1n.<\/span><\/li>\n\n<li><span style=\"color: #000000;\">Derecho de acceso: tienes derecho a acceder a tus datos personales que conocemos.<\/span><\/li>\n\n<li><span style=\"color: #000000;\">Derecho de rectificaci\u00f3n: tienes derecho a completar, rectificar, borrar o bloquear tus datos personales cuando lo desees.<\/span><\/li>\n\n<li><span style=\"color: #000000;\">Si nos das tu consentimiento para procesar tus datos, tienes derecho a revocar dicho consentimiento y a que se eliminen tus datos personales.<\/span><\/li>\n\n<li><span style=\"color: #000000;\">Derecho de cesi\u00f3n de tus datos: tienes derecho a solicitar todos tus datos personales al responsable del tratamiento y a transferirlos \u00edntegramente a otro responsable del tratamiento.<\/span><\/li>\n\n<li><span style=\"color: #000000;\">Derecho de oposici\u00f3n: puedes oponerte al tratamiento de tus datos. Nosotros cumplimos con esto, a menos que existan motivos justificados para el procesamiento.<\/span><\/li>\n<\/ul>\n<p><span style=\"color: #000000;\"><\/span><\/p>\n<p><span style=\"color: #000000;\">Para ejercer estos derechos, por favor, contacta con nosotros. Por favor, consulta los detalles de contacto en la parte inferior de esta pol\u00edtica de cookies. Si tienes alguna queja sobre c\u00f3mo gestionamos tus datos, nos gustar\u00eda que nos la hicieras saber, pero tambi\u00e9n tienes derecho a enviar una queja a la autoridad supervisora (la autoridad de protecci\u00f3n de datos).<\/span><\/p>\n<p><span style=\"color: #000000;\"><\/span><\/p>\n<p><span style=\"color: #000000;\"><strong>10. Datos de contacto<\/strong><\/span><\/p>\n<p><span style=\"color: #000000;\"><\/span><\/p>\n<p><span style=\"color: #000000;\">Para preguntas y\/o comentarios sobre nuestra pol\u00edtica de cookies y esta declaraci\u00f3n, por favor, contacta con nosotros usando los siguientes datos de contacto:<\/span><\/p>\n<p><span style=\"color: #000000;\"><\/span><\/p>\n<ul class=\"wp-block-list\">\n<li><span style=\"color: #000000;\"><strong>Ra\u00f3:<\/strong> MARIA PILAR YEREGUI URMENETA<\/span><\/li>\n\n<li><span style=\"color: #000000;\"><strong>DNI\/NIF\/NIE:<\/strong> 29141902M<\/span><\/li>\n\n<li><span style=\"color: #000000;\"><strong>Nom:<\/strong> MARIA PILAR YEREGUI URMENETA<\/span><\/li>\n\n<li><span style=\"color: #000000;\"><strong>Tel\u00e8fon:<\/strong> 655312428<\/span><\/li>\n\n<li><span style=\"color: #000000;\"><strong>E-mail:<\/strong> <a style=\"color: #000000;\" href=\"mailto:1902m@marketboom.es\" target=\"_blank\" rel=\"noreferrer noopener\">1902m@marketboom.es<\/a><\/span><\/li>\n\n<li><span style=\"color: #000000;\">Arkuetabide,15, 31820-Etxarri Aranatz (Navarra)<\/span><\/li>\n<\/ul>\n<p><span style=\"color: #000000;\"><\/span><\/p>\n<p><span style=\"color: #000000;\">Esta pol\u00edtica de cookies se ha sincronizado con\u00a0<a style=\"color: #000000;\" href=\"https:\/\/cookiedatabase.org\/\">cookiedatabase.org<\/a>\u00a0el 08\/01\/2024.<\/span><\/p>\n<p><span style=\"color: #000000;\"><\/span><\/p>\t\t\t\t\t\t\t\t<\/div>\n\t\t\t\t\t<\/div>\n\t\t\t\t<\/div>\n\t\t\t\t<\/div>","protected":false},"excerpt":{"rendered":"<p>Esta pol\u00edtica de cookies fue actualizada por \u00faltima vez el 08\/01\/2024 y se aplica a los ciudadanos y residentes legales&#8230;<\/p>","protected":false},"author":72,"featured_media":0,"parent":0,"menu_order":0,"comment_status":"closed","ping_status":"closed","template":"","meta":{"om_disable_all_campaigns":false,"footnotes":""},"class_list":["post-10548","page","type-page","status-publish","hentry"],"yoast_head":"<!-- This site is optimized with the Yoast SEO plugin v25.6 - https:\/\/yoast.com\/wordpress\/plugins\/seo\/ -->\n<title>Pol\u00edtica de Cookies - Simulaci\u00f3n Empresarial Sitio Oficial<\/title>\n<meta name=\"robots\" content=\"noindex, follow, max-snippet:-1, max-image-preview:large, max-video-preview:-1\" \/>\n<meta property=\"og:locale\" content=\"ca_ES\" \/>\n<meta property=\"og:type\" content=\"article\" \/>\n<meta property=\"og:title\" content=\"Pol\u00edtica de Cookies - Simulaci\u00f3n Empresarial Sitio Oficial\" \/>\n<meta property=\"og:description\" content=\"Esta pol\u00edtica de cookies fue actualizada por \u00faltima vez el 08\/01\/2024 y se aplica a los ciudadanos y residentes legales...\" \/>\n<meta property=\"og:url\" content=\"https:\/\/pilar.yeregui.online-valles-webs.com\/ca\/politica-de-cookies\/\" \/>\n<meta property=\"og:site_name\" content=\"Simulaci\u00f3n Empresarial Sitio Oficial\" \/>\n<meta property=\"article:modified_time\" content=\"2025-04-29T17:10:50+00:00\" \/>\n<meta name=\"twitter:card\" content=\"summary_large_image\" \/>\n<meta name=\"twitter:label1\" content=\"Temps estimat de lectura\" \/>\n\t<meta name=\"twitter:data1\" content=\"4 minuts\" \/>\n<script type=\"application\/ld+json\" class=\"yoast-schema-graph\">{\"@context\":\"https:\/\/schema.org\",\"@graph\":[{\"@type\":\"WebPage\",\"@id\":\"https:\/\/pilar.yeregui.online-valles-webs.com\/politica-de-cookies\/\",\"url\":\"https:\/\/pilar.yeregui.online-valles-webs.com\/politica-de-cookies\/\",\"name\":\"Pol\u00edtica de Cookies - Simulaci\u00f3n Empresarial Sitio Oficial\",\"isPartOf\":{\"@id\":\"https:\/\/pilar.yeregui.online-valles-webs.com\/#website\"},\"datePublished\":\"2025-04-28T19:04:02+00:00\",\"dateModified\":\"2025-04-29T17:10:50+00:00\",\"breadcrumb\":{\"@id\":\"https:\/\/pilar.yeregui.online-valles-webs.com\/politica-de-cookies\/#breadcrumb\"},\"inLanguage\":\"ca\",\"potentialAction\":[{\"@type\":\"ReadAction\",\"target\":[\"https:\/\/pilar.yeregui.online-valles-webs.com\/politica-de-cookies\/\"]}]},{\"@type\":\"BreadcrumbList\",\"@id\":\"https:\/\/pilar.yeregui.online-valles-webs.com\/politica-de-cookies\/#breadcrumb\",\"itemListElement\":[{\"@type\":\"ListItem\",\"position\":1,\"name\":\"Portada\",\"item\":\"https:\/\/pilar.yeregui.online-valles-webs.com\/\"},{\"@type\":\"ListItem\",\"position\":2,\"name\":\"Pol\u00edtica de Cookies\"}]},{\"@type\":\"WebSite\",\"@id\":\"https:\/\/pilar.yeregui.online-valles-webs.com\/#website\",\"url\":\"https:\/\/pilar.yeregui.online-valles-webs.com\/\",\"name\":\"Simulaci\u00f3n Empresarial \\\"RED Empresas Simuladas\\\"\",\"description\":\"Simulaci\u00f3n empresarial para el aprendizaje activo y pr\u00e1ctico\",\"publisher\":{\"@id\":\"https:\/\/pilar.yeregui.online-valles-webs.com\/#organization\"},\"potentialAction\":[{\"@type\":\"SearchAction\",\"target\":{\"@type\":\"EntryPoint\",\"urlTemplate\":\"https:\/\/pilar.yeregui.online-valles-webs.com\/?s={search_term_string}\"},\"query-input\":{\"@type\":\"PropertyValueSpecification\",\"valueRequired\":true,\"valueName\":\"search_term_string\"}}],\"inLanguage\":\"ca\"},{\"@type\":\"Organization\",\"@id\":\"https:\/\/pilar.yeregui.online-valles-webs.com\/#organization\",\"name\":\"Simulaci\u00f3n Empresarial Sitio Oficial \\\"RED Empresas Simuladas\\\"\",\"url\":\"https:\/\/pilar.yeregui.online-valles-webs.com\/\",\"logo\":{\"@type\":\"ImageObject\",\"inLanguage\":\"ca\",\"@id\":\"https:\/\/pilar.yeregui.online-valles-webs.com\/#\/schema\/logo\/image\/\",\"url\":\"https:\/\/pilar.yeregui.online-valles-webs.com\/wp-content\/uploads\/2023\/07\/LOGO-PILAR-e1729240841881.png\",\"contentUrl\":\"https:\/\/pilar.yeregui.online-valles-webs.com\/wp-content\/uploads\/2023\/07\/LOGO-PILAR-e1729240841881.png\",\"width\":200,\"height\":101,\"caption\":\"Simulaci\u00f3n Empresarial Sitio Oficial \\\"RED Empresas Simuladas\\\"\"},\"image\":{\"@id\":\"https:\/\/pilar.yeregui.online-valles-webs.com\/#\/schema\/logo\/image\/\"}}]}<\/script>\n<!-- \/ Yoast SEO plugin. -->","yoast_head_json":{"title":"Pol\u00edtica de Cookies - Simulaci\u00f3n Empresarial Sitio Oficial","robots":{"index":"noindex","follow":"follow","max-snippet":"max-snippet:-1","max-image-preview":"max-image-preview:large","max-video-preview":"max-video-preview:-1"},"og_locale":"ca_ES","og_type":"article","og_title":"Pol\u00edtica de Cookies - Simulaci\u00f3n Empresarial Sitio Oficial","og_description":"Esta pol\u00edtica de cookies fue actualizada por \u00faltima vez el 08\/01\/2024 y se aplica a los ciudadanos y residentes legales...","og_url":"https:\/\/pilar.yeregui.online-valles-webs.com\/ca\/politica-de-cookies\/","og_site_name":"Simulaci\u00f3n Empresarial Sitio Oficial","article_modified_time":"2025-04-29T17:10:50+00:00","twitter_card":"summary_large_image","twitter_misc":{"Temps estimat de lectura":"4 minuts"},"schema":{"@context":"https:\/\/schema.org","@graph":[{"@type":"WebPage","@id":"https:\/\/pilar.yeregui.online-valles-webs.com\/politica-de-cookies\/","url":"https:\/\/pilar.yeregui.online-valles-webs.com\/politica-de-cookies\/","name":"Pol\u00edtica de Cookies - Simulaci\u00f3n Empresarial Sitio Oficial","isPartOf":{"@id":"https:\/\/pilar.yeregui.online-valles-webs.com\/#website"},"datePublished":"2025-04-28T19:04:02+00:00","dateModified":"2025-04-29T17:10:50+00:00","breadcrumb":{"@id":"https:\/\/pilar.yeregui.online-valles-webs.com\/politica-de-cookies\/#breadcrumb"},"inLanguage":"ca","potentialAction":[{"@type":"ReadAction","target":["https:\/\/pilar.yeregui.online-valles-webs.com\/politica-de-cookies\/"]}]},{"@type":"BreadcrumbList","@id":"https:\/\/pilar.yeregui.online-valles-webs.com\/politica-de-cookies\/#breadcrumb","itemListElement":[{"@type":"ListItem","position":1,"name":"Portada","item":"https:\/\/pilar.yeregui.online-valles-webs.com\/"},{"@type":"ListItem","position":2,"name":"Pol\u00edtica de Cookies"}]},{"@type":"WebSite","@id":"https:\/\/pilar.yeregui.online-valles-webs.com\/#website","url":"https:\/\/pilar.yeregui.online-valles-webs.com\/","name":"Simulaci\u00f3n Empresarial \"RED Empresas Simuladas\"","description":"Simulaci\u00f3n empresarial para el aprendizaje activo y pr\u00e1ctico","publisher":{"@id":"https:\/\/pilar.yeregui.online-valles-webs.com\/#organization"},"potentialAction":[{"@type":"SearchAction","target":{"@type":"EntryPoint","urlTemplate":"https:\/\/pilar.yeregui.online-valles-webs.com\/?s={search_term_string}"},"query-input":{"@type":"PropertyValueSpecification","valueRequired":true,"valueName":"search_term_string"}}],"inLanguage":"ca"},{"@type":"Organization","@id":"https:\/\/pilar.yeregui.online-valles-webs.com\/#organization","name":"Simulaci\u00f3n Empresarial Sitio Oficial \"RED Empresas Simuladas\"","url":"https:\/\/pilar.yeregui.online-valles-webs.com\/","logo":{"@type":"ImageObject","inLanguage":"ca","@id":"https:\/\/pilar.yeregui.online-valles-webs.com\/#\/schema\/logo\/image\/","url":"https:\/\/pilar.yeregui.online-valles-webs.com\/wp-content\/uploads\/2023\/07\/LOGO-PILAR-e1729240841881.png","contentUrl":"https:\/\/pilar.yeregui.online-valles-webs.com\/wp-content\/uploads\/2023\/07\/LOGO-PILAR-e1729240841881.png","width":200,"height":101,"caption":"Simulaci\u00f3n Empresarial Sitio Oficial \"RED Empresas Simuladas\""},"image":{"@id":"https:\/\/pilar.yeregui.online-valles-webs.com\/#\/schema\/logo\/image\/"}}]}},"_links":{"self":[{"href":"https:\/\/pilar.yeregui.online-valles-webs.com\/ca\/wp-json\/wp\/v2\/pages\/10548","targetHints":{"allow":["GET"]}}],"collection":[{"href":"https:\/\/pilar.yeregui.online-valles-webs.com\/ca\/wp-json\/wp\/v2\/pages"}],"about":[{"href":"https:\/\/pilar.yeregui.online-valles-webs.com\/ca\/wp-json\/wp\/v2\/types\/page"}],"author":[{"embeddable":true,"href":"https:\/\/pilar.yeregui.online-valles-webs.com\/ca\/wp-json\/wp\/v2\/users\/72"}],"replies":[{"embeddable":true,"href":"https:\/\/pilar.yeregui.online-valles-webs.com\/ca\/wp-json\/wp\/v2\/comments?post=10548"}],"version-history":[{"count":0,"href":"https:\/\/pilar.yeregui.online-valles-webs.com\/ca\/wp-json\/wp\/v2\/pages\/10548\/revisions"}],"wp:attachment":[{"href":"https:\/\/pilar.yeregui.online-valles-webs.com\/ca\/wp-json\/wp\/v2\/media?parent=10548"}],"curies":[{"name":"wp","href":"https:\/\/api.w.org\/{rel}","templated":true}]}}